{"id":995,"date":"2025-08-08T20:00:54","date_gmt":"2025-08-08T12:00:54","guid":{"rendered":"https:\/\/www.dc-surface.com\/?post_type=product&#038;p=995"},"modified":"2025-08-28T08:59:36","modified_gmt":"2025-08-28T00:59:36","slug":"epoxy-anti-corrosion","status":"publish","type":"product","link":"https:\/\/www.dc-surface.com\/es\/product\/epoxy-anti-corrosion\/","title":{"rendered":"Epoxi anticorrosi\u00f3n"},"content":{"rendered":"<p><strong>Personalizado seg\u00fan la zona del emplazamiento<\/strong><\/p>\n<p><strong>Cantidad m\u00ednima de pedido:<\/strong>\u00a0500 metros cuadrados<\/p>\n<p><strong>Escenarios de aplicaci\u00f3n\uff1a<\/strong>Suelos anticorrosi\u00f3n para f\u00e1bricas de galvanoplastia, qu\u00edmicas, alimentarias, farmac\u00e9uticas, de impresi\u00f3n y tinte, de ferreter\u00eda y de maquinaria, as\u00ed como de tratamiento de aguas residuales. (Las plantas de fabricaci\u00f3n mec\u00e1nica y las ferreter\u00edas requieren suelos con una mayor resistencia al impacto y a la tracci\u00f3n. Las plantas de galvanoplastia y las industrias qu\u00edmicas exigen suelos con propiedades anticorrosivas especiales, como resistencia a los \u00e1cidos y \u00e1lcalis para tanques y recipientes de almacenamiento. Los tejados y los forjados requieren protecci\u00f3n contra el agrietamiento).<\/p>\n<p><strong>Descripci\u00f3n:<\/strong><\/p>\n<p>1. Resistente a la corrosi\u00f3n por \u00e1cidos, \u00e1lcalis, sales y otras sustancias qu\u00edmicas.<\/p>\n<p>2. Resistente a los impactos, capaz de soportar cargas pesadas, con una excelente resistencia a la tracci\u00f3n y una extraordinaria integridad estructural.<\/p>\n<p>3. Est\u00e9tico y duradero, ofrece protecci\u00f3n contra el polvo, las grietas y las fugas de agua.<\/p>","protected":false},"featured_media":998,"template":"","meta":{"_acf_changed":false,"_seopress_robots_primary_cat":"none","_seopress_titles_title":"","_seopress_titles_desc":"","_seopress_robots_index":""},"categoryproduct":[42],"class_list":["post-995","product","type-product","status-publish","has-post-thumbnail","hentry","categoryproduct-epoxy-anti-corrosion"],"acf":[],"_links":{"self":[{"href":"https:\/\/www.dc-surface.com\/es\/wp-json\/wp\/v2\/product\/995","targetHints":{"allow":["GET"]}}],"collection":[{"href":"https:\/\/www.dc-surface.com\/es\/wp-json\/wp\/v2\/product"}],"about":[{"href":"https:\/\/www.dc-surface.com\/es\/wp-json\/wp\/v2\/types\/product"}],"wp:featuredmedia":[{"embeddable":true,"href":"https:\/\/www.dc-surface.com\/es\/wp-json\/wp\/v2\/media\/998"}],"wp:attachment":[{"href":"https:\/\/www.dc-surface.com\/es\/wp-json\/wp\/v2\/media?parent=995"}],"wp:term":[{"taxonomy":"categoryproduct","embeddable":true,"href":"https:\/\/www.dc-surface.com\/es\/wp-json\/wp\/v2\/categoryproduct?post=995"}],"curies":[{"name":"wp","href":"https:\/\/api.w.org\/{rel}","templated":true}]}}