{"id":991,"date":"2025-08-08T21:00:22","date_gmt":"2025-08-08T13:00:22","guid":{"rendered":"https:\/\/www.dc-surface.com\/?post_type=product&#038;p=991"},"modified":"2025-08-27T17:29:31","modified_gmt":"2025-08-27T09:29:31","slug":"epoxy-anti-static","status":"publish","type":"product","link":"https:\/\/www.dc-surface.com\/es\/product\/epoxy-anti-static\/","title":{"rendered":"Epoxi Antiest\u00e1tico"},"content":{"rendered":"<p><strong>Personalizado seg\u00fan la zona del emplazamiento<\/strong><\/p>\n<p><strong>Cantidad m\u00ednima de pedido:<\/strong>\u00a0500 metros cuadrados<\/p>\n<p><strong>Escenarios de aplicaci\u00f3n\uff1a<\/strong>Adecuado para entornos que requieren protecci\u00f3n contra descargas electrost\u00e1ticas (ESD), como electr\u00f3nica, telecomunicaciones, imprentas, salas de servidores, f\u00e1bricas de maquinaria de precisi\u00f3n, procesamiento de polvos, plantas qu\u00edmicas, industrias de defensa, aeroespacial y \u00e1reas sensibles a ESD.<strong><\/p>\n<p>Descripci\u00f3n:<\/strong><\/p>\n<p>1. Disipa r\u00e1pidamente la electricidad est\u00e1tica para evitar da\u00f1os en los componentes electr\u00f3nicos e incendios causados por la acumulaci\u00f3n de electricidad est\u00e1tica.<\/p>\n<p>2. La resistencia de la superficie permanece estable y duradera, sin verse afectada por la humedad o el desgaste de la superficie.<\/p>\n<p><strong>\u00a0<\/strong><\/p>","protected":false},"featured_media":994,"template":"","meta":{"_acf_changed":false,"_seopress_robots_primary_cat":"none","_seopress_titles_title":"","_seopress_titles_desc":"","_seopress_robots_index":""},"categoryproduct":[41],"class_list":["post-991","product","type-product","status-publish","has-post-thumbnail","hentry","categoryproduct-epoxy-anti-static"],"acf":[],"_links":{"self":[{"href":"https:\/\/www.dc-surface.com\/es\/wp-json\/wp\/v2\/product\/991","targetHints":{"allow":["GET"]}}],"collection":[{"href":"https:\/\/www.dc-surface.com\/es\/wp-json\/wp\/v2\/product"}],"about":[{"href":"https:\/\/www.dc-surface.com\/es\/wp-json\/wp\/v2\/types\/product"}],"wp:featuredmedia":[{"embeddable":true,"href":"https:\/\/www.dc-surface.com\/es\/wp-json\/wp\/v2\/media\/994"}],"wp:attachment":[{"href":"https:\/\/www.dc-surface.com\/es\/wp-json\/wp\/v2\/media?parent=991"}],"wp:term":[{"taxonomy":"categoryproduct","embeddable":true,"href":"https:\/\/www.dc-surface.com\/es\/wp-json\/wp\/v2\/categoryproduct?post=991"}],"curies":[{"name":"wp","href":"https:\/\/api.w.org\/{rel}","templated":true}]}}