{"id":987,"date":"2025-08-08T22:00:18","date_gmt":"2025-08-08T14:00:18","guid":{"rendered":"https:\/\/www.dc-surface.com\/?post_type=product&#038;p=987"},"modified":"2025-08-27T15:59:31","modified_gmt":"2025-08-27T07:59:31","slug":"epoxy-self-leveling","status":"publish","type":"product","link":"https:\/\/www.dc-surface.com\/es\/product\/epoxy-self-leveling\/","title":{"rendered":"Autonivelante epoxi"},"content":{"rendered":"<p><strong>Personalizado seg\u00fan la zona del emplazamiento<\/strong><\/p>\n<p><strong>Cantidad m\u00ednima de pedido:<\/strong>\u00a0500 metros cuadrados<\/p>\n<p><strong>Escenarios de aplicaci\u00f3n:<\/strong> Plantas farmac\u00e9uticas GMP, hospitales, instalaciones de hemoderivados y otras salas blancas; plantas de fabricaci\u00f3n de maquinaria de precisi\u00f3n y microelectr\u00f3nica; \u00e1reas con elevados requisitos de rendimiento mec\u00e1nico y qu\u00edmico.<br \/>\n<strong><br \/>\nDescripci\u00f3n:<\/strong><br \/>\n1. 2. Resistente al desgaste, resistente a la presi\u00f3n, resistente a los impactos, resistente al calor, impermeable y con cierto grado de elasticidad;<\/p>\n<p>2. La capa superficial de revestimiento epoxi para suelos se aplica en un proceso de una sola pasada, lo que garantiza una instalaci\u00f3n r\u00e1pida y c\u00f3moda.<\/p>","protected":false},"featured_media":990,"template":"","meta":{"_acf_changed":false,"_seopress_robots_primary_cat":"none","_seopress_titles_title":"","_seopress_titles_desc":"","_seopress_robots_index":""},"categoryproduct":[40],"class_list":["post-987","product","type-product","status-publish","has-post-thumbnail","hentry","categoryproduct-epoxy-self-leveling"],"acf":[],"_links":{"self":[{"href":"https:\/\/www.dc-surface.com\/es\/wp-json\/wp\/v2\/product\/987","targetHints":{"allow":["GET"]}}],"collection":[{"href":"https:\/\/www.dc-surface.com\/es\/wp-json\/wp\/v2\/product"}],"about":[{"href":"https:\/\/www.dc-surface.com\/es\/wp-json\/wp\/v2\/types\/product"}],"wp:featuredmedia":[{"embeddable":true,"href":"https:\/\/www.dc-surface.com\/es\/wp-json\/wp\/v2\/media\/990"}],"wp:attachment":[{"href":"https:\/\/www.dc-surface.com\/es\/wp-json\/wp\/v2\/media?parent=987"}],"wp:term":[{"taxonomy":"categoryproduct","embeddable":true,"href":"https:\/\/www.dc-surface.com\/es\/wp-json\/wp\/v2\/categoryproduct?post=987"}],"curies":[{"name":"wp","href":"https:\/\/api.w.org\/{rel}","templated":true}]}}