{"id":978,"date":"2025-08-08T22:01:17","date_gmt":"2025-08-08T14:01:17","guid":{"rendered":"https:\/\/www.dc-surface.com\/?post_type=product&#038;p=978"},"modified":"2025-08-27T16:14:51","modified_gmt":"2025-08-27T08:14:51","slug":"epoxy-mortar","status":"publish","type":"product","link":"https:\/\/www.dc-surface.com\/es\/product\/epoxy-mortar\/","title":{"rendered":"Mortero epoxi"},"content":{"rendered":"<p><strong>Personalizado seg\u00fan la zona del emplazamiento<\/strong><\/p>\n<p><strong>Cantidad m\u00ednima de pedido:<\/strong>\u00a0500 metros cuadrados<\/p>\n<p><strong>Escenarios de aplicaci\u00f3n:<\/strong>Suelos para lugares especiales como supermercados, vest\u00edbulos de edificios, almacenes, salas de exposici\u00f3n de autom\u00f3viles, talleres de reparaci\u00f3n de autom\u00f3viles y aparcamientos.<\/p>\n<p><strong>Descripci\u00f3n:<\/strong>Aspecto liso y brillante con diversas opciones de color; Dise\u00f1o sin juntas para facilitar la limpieza y el mantenimiento.<\/p>","protected":false},"featured_media":981,"template":"","meta":{"_acf_changed":false,"_seopress_robots_primary_cat":"none","_seopress_titles_title":"","_seopress_titles_desc":"","_seopress_robots_index":""},"categoryproduct":[39],"class_list":["post-978","product","type-product","status-publish","has-post-thumbnail","hentry","categoryproduct-general-purpose-high-penetration-epoxy-primer"],"acf":[],"_links":{"self":[{"href":"https:\/\/www.dc-surface.com\/es\/wp-json\/wp\/v2\/product\/978","targetHints":{"allow":["GET"]}}],"collection":[{"href":"https:\/\/www.dc-surface.com\/es\/wp-json\/wp\/v2\/product"}],"about":[{"href":"https:\/\/www.dc-surface.com\/es\/wp-json\/wp\/v2\/types\/product"}],"wp:featuredmedia":[{"embeddable":true,"href":"https:\/\/www.dc-surface.com\/es\/wp-json\/wp\/v2\/media\/981"}],"wp:attachment":[{"href":"https:\/\/www.dc-surface.com\/es\/wp-json\/wp\/v2\/media?parent=978"}],"wp:term":[{"taxonomy":"categoryproduct","embeddable":true,"href":"https:\/\/www.dc-surface.com\/es\/wp-json\/wp\/v2\/categoryproduct?post=978"}],"curies":[{"name":"wp","href":"https:\/\/api.w.org\/{rel}","templated":true}]}}