{"id":972,"date":"2025-08-08T23:05:19","date_gmt":"2025-08-08T15:05:19","guid":{"rendered":"https:\/\/www.dc-surface.com\/?post_type=product&#038;p=972"},"modified":"2025-09-08T11:27:02","modified_gmt":"2025-09-08T03:27:02","slug":"elastic-acrylic-floor","status":"publish","type":"product","link":"https:\/\/www.dc-surface.com\/es\/product\/elastic-acrylic-floor\/","title":{"rendered":"Suelo acr\u00edlico el\u00e1stico"},"content":{"rendered":"<p><strong>Personalizado seg\u00fan la zona del emplazamiento<\/strong><\/p>\n<p><strong>MOQ:<\/strong>\u00a0500 metros cuadrados<\/p>\n<p><strong>Aplicaci\u00f3n:\u00a0<\/strong>Ampliamente utilizado para canchas de baloncesto interiores y exteriores, pistas de tenis, pistas de b\u00e1dminton, canchas de voleibol y mucho m\u00e1s. Su rendimiento constante en el rebote de la pelota, su excelente resistencia al deslizamiento y sus colores vivos y duraderos satisfacen las exigencias de las competiciones de alto nivel.<\/p>\n<p><strong>Descripci\u00f3n:<\/strong>El sistema de suelo acr\u00edlico el\u00e1stico es un material para superficies deportivas vers\u00e1til y de alto rendimiento. Gracias a su excepcional rendimiento atl\u00e9tico, su extraordinaria durabilidad y su rentabilidad, se ha convertido en la opci\u00f3n ideal para instalaciones deportivas profesionales y recreativas de todo tipo.<\/p>","protected":false},"featured_media":971,"template":"","meta":{"_acf_changed":false,"_seopress_robots_primary_cat":"none","_seopress_titles_title":"","_seopress_titles_desc":"","_seopress_robots_index":""},"categoryproduct":[38],"class_list":["post-972","product","type-product","status-publish","has-post-thumbnail","hentry","categoryproduct-elastic-acrylic-floor"],"acf":[],"_links":{"self":[{"href":"https:\/\/www.dc-surface.com\/es\/wp-json\/wp\/v2\/product\/972","targetHints":{"allow":["GET"]}}],"collection":[{"href":"https:\/\/www.dc-surface.com\/es\/wp-json\/wp\/v2\/product"}],"about":[{"href":"https:\/\/www.dc-surface.com\/es\/wp-json\/wp\/v2\/types\/product"}],"wp:featuredmedia":[{"embeddable":true,"href":"https:\/\/www.dc-surface.com\/es\/wp-json\/wp\/v2\/media\/971"}],"wp:attachment":[{"href":"https:\/\/www.dc-surface.com\/es\/wp-json\/wp\/v2\/media?parent=972"}],"wp:term":[{"taxonomy":"categoryproduct","embeddable":true,"href":"https:\/\/www.dc-surface.com\/es\/wp-json\/wp\/v2\/categoryproduct?post=972"}],"curies":[{"name":"wp","href":"https:\/\/api.w.org\/{rel}","templated":true}]}}