{"id":968,"date":"2025-08-08T23:06:58","date_gmt":"2025-08-08T15:06:58","guid":{"rendered":"https:\/\/www.dc-surface.com\/?post_type=product&#038;p=968"},"modified":"2025-09-08T11:28:47","modified_gmt":"2025-09-08T03:28:47","slug":"acrylic-floor","status":"publish","type":"product","link":"https:\/\/www.dc-surface.com\/es\/product\/acrylic-floor\/","title":{"rendered":"Suelo acr\u00edlico"},"content":{"rendered":"<p><strong>Personalizado seg\u00fan la zona del emplazamiento<\/strong><\/p>\n<p><strong>MOQ:<\/strong>\u00a0500 metros cuadrados<\/p>\n<p><strong>Aplicaci\u00f3n:\u00a0<\/strong>Dise\u00f1ado para deportes como el baloncesto, el tenis y el b\u00e1dminton, ofrece un rendimiento atl\u00e9tico a la altura de las exigencias de las competiciones profesionales.<\/p>\n<p><strong>Descripci\u00f3n:<\/strong><\/p>\n<p>Los sistemas de pistas acr\u00edlicas r\u00edgidas representan un material de superficie deportiva de alto rendimiento ampliamente utilizado en exteriores, favorecido por su excepcional durabilidad, su extraordinaria rentabilidad y su proceso de instalaci\u00f3n relativamente sencillo.<\/p>\n<p>El n\u00facleo de su aplicaci\u00f3n radica en la aplicaci\u00f3n de m\u00faltiples capas de revestimientos acr\u00edlicos con distintas funcionalidades sobre una base s\u00f3lida y estable de hormig\u00f3n o asfalto.<\/p>","protected":false},"featured_media":971,"template":"","meta":{"_acf_changed":false,"_seopress_robots_primary_cat":"none","_seopress_titles_title":"","_seopress_titles_desc":"","_seopress_robots_index":""},"categoryproduct":[37],"class_list":["post-968","product","type-product","status-publish","has-post-thumbnail","hentry","categoryproduct-acrylic-floor"],"acf":[],"_links":{"self":[{"href":"https:\/\/www.dc-surface.com\/es\/wp-json\/wp\/v2\/product\/968","targetHints":{"allow":["GET"]}}],"collection":[{"href":"https:\/\/www.dc-surface.com\/es\/wp-json\/wp\/v2\/product"}],"about":[{"href":"https:\/\/www.dc-surface.com\/es\/wp-json\/wp\/v2\/types\/product"}],"wp:featuredmedia":[{"embeddable":true,"href":"https:\/\/www.dc-surface.com\/es\/wp-json\/wp\/v2\/media\/971"}],"wp:attachment":[{"href":"https:\/\/www.dc-surface.com\/es\/wp-json\/wp\/v2\/media?parent=968"}],"wp:term":[{"taxonomy":"categoryproduct","embeddable":true,"href":"https:\/\/www.dc-surface.com\/es\/wp-json\/wp\/v2\/categoryproduct?post=968"}],"curies":[{"name":"wp","href":"https:\/\/api.w.org\/{rel}","templated":true}]}}