{"id":964,"date":"2025-08-08T23:07:55","date_gmt":"2025-08-08T15:07:55","guid":{"rendered":"https:\/\/www.dc-surface.com\/?post_type=product&#038;p=964"},"modified":"2025-09-05T13:46:13","modified_gmt":"2025-09-05T05:46:13","slug":"silicone-pu-floor","status":"publish","type":"product","link":"https:\/\/www.dc-surface.com\/es\/product\/silicone-pu-floor\/","title":{"rendered":"Suelo de PU siliconado"},"content":{"rendered":"<p><strong>Personalizado seg\u00fan la zona del emplazamiento<\/strong><\/p>\n<p><strong>MOQ:<\/strong> 500 metros cuadrados<\/p>\n<p><strong>Aplicaci\u00f3n: <\/strong>Las pistas de PU de silicona son un material de superficie deportiva de alto rendimiento que se ha extendido en los \u00faltimos a\u00f1os en entornos al aire libre. Son especialmente adecuadas para instalaciones de deportes de pelota, como canchas de baloncesto, tenis, b\u00e1dminton y voleibol.<\/p>\n<p><strong>Descripci\u00f3n: <\/strong>Su extraordinaria elasticidad, resistencia al desgaste y propiedades antideslizantes proporcionan a los atletas una experiencia deportiva segura y confortable, as\u00ed como protecci\u00f3n. Al mismo tiempo, sus vibrantes colores, su excepcional durabilidad y su f\u00e1cil mantenimiento lo convierten en la opci\u00f3n ideal para instalaciones deportivas escolares y comunitarias.<\/p>","protected":false},"featured_media":1112,"template":"","meta":{"_acf_changed":false,"_seopress_robots_primary_cat":"none","_seopress_titles_title":"","_seopress_titles_desc":"","_seopress_robots_index":""},"categoryproduct":[36],"class_list":["post-964","product","type-product","status-publish","has-post-thumbnail","hentry","categoryproduct-silicone-pu-floor"],"acf":[],"_links":{"self":[{"href":"https:\/\/www.dc-surface.com\/es\/wp-json\/wp\/v2\/product\/964","targetHints":{"allow":["GET"]}}],"collection":[{"href":"https:\/\/www.dc-surface.com\/es\/wp-json\/wp\/v2\/product"}],"about":[{"href":"https:\/\/www.dc-surface.com\/es\/wp-json\/wp\/v2\/types\/product"}],"wp:featuredmedia":[{"embeddable":true,"href":"https:\/\/www.dc-surface.com\/es\/wp-json\/wp\/v2\/media\/1112"}],"wp:attachment":[{"href":"https:\/\/www.dc-surface.com\/es\/wp-json\/wp\/v2\/media?parent=964"}],"wp:term":[{"taxonomy":"categoryproduct","embeddable":true,"href":"https:\/\/www.dc-surface.com\/es\/wp-json\/wp\/v2\/categoryproduct?post=964"}],"curies":[{"name":"wp","href":"https:\/\/api.w.org\/{rel}","templated":true}]}}