{"id":960,"date":"2025-08-08T23:09:27","date_gmt":"2025-08-08T15:09:27","guid":{"rendered":"https:\/\/www.dc-surface.com\/?post_type=product&#038;p=960"},"modified":"2025-09-04T15:48:44","modified_gmt":"2025-09-04T07:48:44","slug":"epe-shock-pad","status":"publish","type":"product","link":"https:\/\/www.dc-surface.com\/es\/product\/epe-shock-pad\/","title":{"rendered":"Almohadilla de choque EPE"},"content":{"rendered":"<p><strong>MOQ:<\/strong>500 metros cuadrados<\/p>\n<p><strong>Descripci\u00f3n:<\/strong>EPE Artificial Turf Shock Absorption Pad es una capa inferior el\u00e1stica de alto rendimiento dise\u00f1ada espec\u00edficamente para sistemas de c\u00e9sped artificial. Fabricada con material de polietileno expandido (EPE) de c\u00e9lula cerrada, se instala debajo del c\u00e9sped artificial para proporcionar una protecci\u00f3n amortiguadora segura y c\u00f3moda en las zonas deportivas y recreativas principales.<\/p>","protected":false},"featured_media":963,"template":"","meta":{"_acf_changed":false,"_seopress_robots_primary_cat":"none","_seopress_titles_title":"","_seopress_titles_desc":"","_seopress_robots_index":""},"categoryproduct":[57],"class_list":["post-960","product","type-product","status-publish","has-post-thumbnail","hentry","categoryproduct-epe-shock-pad"],"acf":[],"_links":{"self":[{"href":"https:\/\/www.dc-surface.com\/es\/wp-json\/wp\/v2\/product\/960","targetHints":{"allow":["GET"]}}],"collection":[{"href":"https:\/\/www.dc-surface.com\/es\/wp-json\/wp\/v2\/product"}],"about":[{"href":"https:\/\/www.dc-surface.com\/es\/wp-json\/wp\/v2\/types\/product"}],"wp:featuredmedia":[{"embeddable":true,"href":"https:\/\/www.dc-surface.com\/es\/wp-json\/wp\/v2\/media\/963"}],"wp:attachment":[{"href":"https:\/\/www.dc-surface.com\/es\/wp-json\/wp\/v2\/media?parent=960"}],"wp:term":[{"taxonomy":"categoryproduct","embeddable":true,"href":"https:\/\/www.dc-surface.com\/es\/wp-json\/wp\/v2\/categoryproduct?post=960"}],"curies":[{"name":"wp","href":"https:\/\/api.w.org\/{rel}","templated":true}]}}