{"id":948,"date":"2025-08-08T23:11:01","date_gmt":"2025-08-08T15:11:01","guid":{"rendered":"https:\/\/www.dc-surface.com\/?post_type=product&#038;p=948"},"modified":"2025-09-04T11:56:41","modified_gmt":"2025-09-04T03:56:41","slug":"sbr-infill-granules","status":"publish","type":"product","link":"https:\/\/www.dc-surface.com\/es\/product\/sbr-infill-granules\/","title":{"rendered":"Gr\u00e1nulos de relleno SBR"},"content":{"rendered":"<p><strong>MOQ\uff1a<\/strong>A partir de 1 tonelada<br \/>\n<strong>Color\uff1a<\/strong>Negro<br \/>\n<strong>Descripci\u00f3n:<\/strong>\u00a0Gr\u00e1nulos de caucho SBR reciclado negro de 1-3mm 2-4mm para el relleno de campos de f\u00fatbol con c\u00e9sped artificial.<\/p>","protected":false},"featured_media":950,"template":"","meta":{"_acf_changed":false,"_seopress_robots_primary_cat":"none","_seopress_titles_title":"","_seopress_titles_desc":"","_seopress_robots_index":""},"categoryproduct":[32],"class_list":["post-948","product","type-product","status-publish","has-post-thumbnail","hentry","categoryproduct-br-infill-granules"],"acf":[],"_links":{"self":[{"href":"https:\/\/www.dc-surface.com\/es\/wp-json\/wp\/v2\/product\/948","targetHints":{"allow":["GET"]}}],"collection":[{"href":"https:\/\/www.dc-surface.com\/es\/wp-json\/wp\/v2\/product"}],"about":[{"href":"https:\/\/www.dc-surface.com\/es\/wp-json\/wp\/v2\/types\/product"}],"wp:featuredmedia":[{"embeddable":true,"href":"https:\/\/www.dc-surface.com\/es\/wp-json\/wp\/v2\/media\/950"}],"wp:attachment":[{"href":"https:\/\/www.dc-surface.com\/es\/wp-json\/wp\/v2\/media?parent=948"}],"wp:term":[{"taxonomy":"categoryproduct","embeddable":true,"href":"https:\/\/www.dc-surface.com\/es\/wp-json\/wp\/v2\/categoryproduct?post=948"}],"curies":[{"name":"wp","href":"https:\/\/api.w.org\/{rel}","templated":true}]}}