{"id":944,"date":"2025-08-08T23:12:13","date_gmt":"2025-08-08T15:12:13","guid":{"rendered":"https:\/\/www.dc-surface.com\/?post_type=product&#038;p=944"},"modified":"2025-09-04T11:17:04","modified_gmt":"2025-09-04T03:17:04","slug":"tpe-infill-granules","status":"publish","type":"product","link":"https:\/\/www.dc-surface.com\/es\/product\/tpe-infill-granules\/","title":{"rendered":"Gr\u00e1nulos de relleno TPE"},"content":{"rendered":"<p><strong>MOQ\uff1a<\/strong>A partir de 1 tonelada<br \/>\n<strong>Color\uff1a<\/strong>Verde<br \/>\n<strong>Descripci\u00f3n\uff1a<\/strong>Gr\u00e1nulos de relleno el\u00e1stico respetuosos con el medio ambiente dise\u00f1ados espec\u00edficamente para sistemas de c\u00e9sped artificial, utilizados principalmente para sustituir a los tradicionales gr\u00e1nulos de caucho SBR negro. Proporcionan amortiguaci\u00f3n, soporte y protecci\u00f3n para el c\u00e9sped al tiempo que ofrecen una mayor seguridad y beneficios medioambientales.<\/p>","protected":false},"featured_media":947,"template":"","meta":{"_acf_changed":false,"_seopress_robots_primary_cat":"none","_seopress_titles_title":"","_seopress_titles_desc":"","_seopress_robots_index":""},"categoryproduct":[31],"class_list":["post-944","product","type-product","status-publish","has-post-thumbnail","hentry","categoryproduct-pe-infill-granules"],"acf":[],"_links":{"self":[{"href":"https:\/\/www.dc-surface.com\/es\/wp-json\/wp\/v2\/product\/944","targetHints":{"allow":["GET"]}}],"collection":[{"href":"https:\/\/www.dc-surface.com\/es\/wp-json\/wp\/v2\/product"}],"about":[{"href":"https:\/\/www.dc-surface.com\/es\/wp-json\/wp\/v2\/types\/product"}],"wp:featuredmedia":[{"embeddable":true,"href":"https:\/\/www.dc-surface.com\/es\/wp-json\/wp\/v2\/media\/947"}],"wp:attachment":[{"href":"https:\/\/www.dc-surface.com\/es\/wp-json\/wp\/v2\/media?parent=944"}],"wp:term":[{"taxonomy":"categoryproduct","embeddable":true,"href":"https:\/\/www.dc-surface.com\/es\/wp-json\/wp\/v2\/categoryproduct?post=944"}],"curies":[{"name":"wp","href":"https:\/\/api.w.org\/{rel}","templated":true}]}}