{"id":940,"date":"2025-08-08T23:13:36","date_gmt":"2025-08-08T15:13:36","guid":{"rendered":"https:\/\/www.dc-surface.com\/?post_type=product&#038;p=940"},"modified":"2025-09-04T10:27:58","modified_gmt":"2025-09-04T02:27:58","slug":"epdm-infill-granules","status":"publish","type":"product","link":"https:\/\/www.dc-surface.com\/es\/product\/epdm-infill-granules\/","title":{"rendered":"Gr\u00e1nulos de relleno EPDM"},"content":{"rendered":"<p><strong>MOQ\uff1a<\/strong>A partir de 1 tonelada<br \/>\n<strong>Color\uff1a<\/strong>Negro, verde, marr\u00f3n, blanco roto<br \/>\n<strong>Descripci\u00f3n\uff1a<\/strong><\/p>\n<p>1.Seguridad altamente resistente: Amortigua eficazmente los impactos para evitar lesiones por ca\u00eddas.<\/p>\n<p>2.Durabilidad resistente a la intemperie: Resiste los rayos UV, el ozono, los \u00e1cidos, los \u00e1lcalis y las condiciones meteorol\u00f3gicas extremas, soportando el envejecimiento y la decoloraci\u00f3n.<\/p>\n<p>3.Respetuoso con el medio ambiente y saludable: No t\u00f3xico e inodoro, cumple las normas medioambientales.<\/p>","protected":false},"featured_media":943,"template":"","meta":{"_acf_changed":false,"_seopress_robots_primary_cat":"none","_seopress_titles_title":"","_seopress_titles_desc":"","_seopress_robots_index":""},"categoryproduct":[30],"class_list":["post-940","product","type-product","status-publish","has-post-thumbnail","hentry","categoryproduct-epdm-infill-granules"],"acf":[],"_links":{"self":[{"href":"https:\/\/www.dc-surface.com\/es\/wp-json\/wp\/v2\/product\/940","targetHints":{"allow":["GET"]}}],"collection":[{"href":"https:\/\/www.dc-surface.com\/es\/wp-json\/wp\/v2\/product"}],"about":[{"href":"https:\/\/www.dc-surface.com\/es\/wp-json\/wp\/v2\/types\/product"}],"wp:featuredmedia":[{"embeddable":true,"href":"https:\/\/www.dc-surface.com\/es\/wp-json\/wp\/v2\/media\/943"}],"wp:attachment":[{"href":"https:\/\/www.dc-surface.com\/es\/wp-json\/wp\/v2\/media?parent=940"}],"wp:term":[{"taxonomy":"categoryproduct","embeddable":true,"href":"https:\/\/www.dc-surface.com\/es\/wp-json\/wp\/v2\/categoryproduct?post=940"}],"curies":[{"name":"wp","href":"https:\/\/api.w.org\/{rel}","templated":true}]}}