{"id":936,"date":"2025-08-08T23:08:52","date_gmt":"2025-08-08T15:08:52","guid":{"rendered":"https:\/\/www.dc-surface.com\/?post_type=product&#038;p=936"},"modified":"2025-09-05T10:05:44","modified_gmt":"2025-09-05T02:05:44","slug":"grass-glue","status":"publish","type":"product","link":"https:\/\/www.dc-surface.com\/es\/product\/grass-glue\/","title":{"rendered":"Pegamento para hierba"},"content":{"rendered":"<p><strong>MOQ: <\/strong>A partir de 1 tonelada<\/p>\n<p><strong>Descripci\u00f3n:<\/strong> Adhesivo de alta resistencia dise\u00f1ado espec\u00edficamente para c\u00e9sped artificial, de f\u00e1cil aplicaci\u00f3n y resistente a la intemperie. Respetuoso con el medio ambiente e inodoro, se endurece con un acabado flexible e impermeable que garantiza una superficie de c\u00e9sped lisa y segura. Ideal para campos deportivos, jardines y otros entornos.<strong><br \/>\n<\/strong><\/p>","protected":false},"featured_media":939,"template":"","meta":{"_acf_changed":false,"_seopress_robots_primary_cat":"none","_seopress_titles_title":"","_seopress_titles_desc":"","_seopress_robots_index":""},"categoryproduct":[29],"class_list":["post-936","product","type-product","status-publish","has-post-thumbnail","hentry","categoryproduct-grass-glue"],"acf":[],"_links":{"self":[{"href":"https:\/\/www.dc-surface.com\/es\/wp-json\/wp\/v2\/product\/936","targetHints":{"allow":["GET"]}}],"collection":[{"href":"https:\/\/www.dc-surface.com\/es\/wp-json\/wp\/v2\/product"}],"about":[{"href":"https:\/\/www.dc-surface.com\/es\/wp-json\/wp\/v2\/types\/product"}],"wp:featuredmedia":[{"embeddable":true,"href":"https:\/\/www.dc-surface.com\/es\/wp-json\/wp\/v2\/media\/939"}],"wp:attachment":[{"href":"https:\/\/www.dc-surface.com\/es\/wp-json\/wp\/v2\/media?parent=936"}],"wp:term":[{"taxonomy":"categoryproduct","embeddable":true,"href":"https:\/\/www.dc-surface.com\/es\/wp-json\/wp\/v2\/categoryproduct?post=936"}],"curies":[{"name":"wp","href":"https:\/\/api.w.org\/{rel}","templated":true}]}}