{"id":932,"date":"2025-08-08T23:14:56","date_gmt":"2025-08-08T15:14:56","guid":{"rendered":"https:\/\/www.dc-surface.com\/?post_type=product&#038;p=932"},"modified":"2025-09-03T16:32:59","modified_gmt":"2025-09-03T08:32:59","slug":"golf-turf","status":"publish","type":"product","link":"https:\/\/www.dc-surface.com\/es\/product\/golf-turf\/","title":{"rendered":"C\u00e9sped de golf"},"content":{"rendered":"<p><strong>Personalizado seg\u00fan la zona del emplazamiento<\/strong><\/p>\n<p><strong>Cantidad m\u00ednima de pedido:<\/strong>\u00a0500 metros cuadrados<\/p>\n<p><strong>Escenarios de aplicaci\u00f3n:<\/strong>Adecuado para entornos profesionales de golf, locales comerciales y de ocio, espacios residenciales y privados, as\u00ed como escenarios especializados y m\u00f3viles.<br \/>\n<strong><br \/>\nDescripci\u00f3n:<\/strong>Ofrecemos soluciones de alta calidad para satisfacer sus necesidades, tanto si gestiona campos de golf profesionales, instalaciones de pr\u00e1cticas o putting greens privados. Como fabricante de c\u00e9sped de golf de confianza, estamos especializados en c\u00e9sped artificial de golf dise\u00f1ado para ofrecer un rendimiento y una durabilidad excepcionales en todo tipo de instalaciones.<\/p>","protected":false},"featured_media":935,"template":"","meta":{"_acf_changed":false,"_seopress_robots_primary_cat":"none","_seopress_titles_title":"","_seopress_titles_desc":"","_seopress_robots_index":""},"categoryproduct":[28],"class_list":["post-932","product","type-product","status-publish","has-post-thumbnail","hentry","categoryproduct-golf-turf"],"acf":[],"_links":{"self":[{"href":"https:\/\/www.dc-surface.com\/es\/wp-json\/wp\/v2\/product\/932","targetHints":{"allow":["GET"]}}],"collection":[{"href":"https:\/\/www.dc-surface.com\/es\/wp-json\/wp\/v2\/product"}],"about":[{"href":"https:\/\/www.dc-surface.com\/es\/wp-json\/wp\/v2\/types\/product"}],"wp:featuredmedia":[{"embeddable":true,"href":"https:\/\/www.dc-surface.com\/es\/wp-json\/wp\/v2\/media\/935"}],"wp:attachment":[{"href":"https:\/\/www.dc-surface.com\/es\/wp-json\/wp\/v2\/media?parent=932"}],"wp:term":[{"taxonomy":"categoryproduct","embeddable":true,"href":"https:\/\/www.dc-surface.com\/es\/wp-json\/wp\/v2\/categoryproduct?post=932"}],"curies":[{"name":"wp","href":"https:\/\/api.w.org\/{rel}","templated":true}]}}