{"id":924,"date":"2025-08-08T23:16:51","date_gmt":"2025-08-08T15:16:51","guid":{"rendered":"https:\/\/www.dc-surface.com\/?post_type=product&#038;p=924"},"modified":"2025-09-02T16:29:41","modified_gmt":"2025-09-02T08:29:41","slug":"football-field-turf","status":"publish","type":"product","link":"https:\/\/www.dc-surface.com\/es\/product\/football-field-turf\/","title":{"rendered":"C\u00e9sped para campos de f\u00fatbol"},"content":{"rendered":"<p><strong>Personalizado seg\u00fan la zona del emplazamiento<\/strong><\/p>\n<p><strong>Cantidad m\u00ednima de pedido:<\/strong>\u00a0500 metros cuadrados<\/p>\n<p><strong>Escenarios de aplicaci\u00f3n:<\/strong> Adecuado para instalaciones de entrenamiento de f\u00fatbol, escuelas, comunidades, campos de f\u00fatbol sala, centros deportivos y campos de f\u00fatbol para eventos deportivos.<\/p>\n<p><strong>Descripci\u00f3n:<\/strong> Como fabricante l\u00edder de c\u00e9sped de f\u00fatbol, proporcionamos soluciones de construcci\u00f3n de c\u00e9sped de f\u00fatbol dise\u00f1adas profesionalmente para mejorar cualquier campo de f\u00fatbol con una superficie de juego duradera y de calidad profesional, proporcionando una experiencia perfecta.<\/p>","protected":false},"featured_media":927,"template":"","meta":{"_acf_changed":false,"_seopress_robots_primary_cat":"none","_seopress_titles_title":"","_seopress_titles_desc":"","_seopress_robots_index":""},"categoryproduct":[26],"class_list":["post-924","product","type-product","status-publish","has-post-thumbnail","hentry","categoryproduct-soccer-court-turf"],"acf":[],"_links":{"self":[{"href":"https:\/\/www.dc-surface.com\/es\/wp-json\/wp\/v2\/product\/924","targetHints":{"allow":["GET"]}}],"collection":[{"href":"https:\/\/www.dc-surface.com\/es\/wp-json\/wp\/v2\/product"}],"about":[{"href":"https:\/\/www.dc-surface.com\/es\/wp-json\/wp\/v2\/types\/product"}],"wp:featuredmedia":[{"embeddable":true,"href":"https:\/\/www.dc-surface.com\/es\/wp-json\/wp\/v2\/media\/927"}],"wp:attachment":[{"href":"https:\/\/www.dc-surface.com\/es\/wp-json\/wp\/v2\/media?parent=924"}],"wp:term":[{"taxonomy":"categoryproduct","embeddable":true,"href":"https:\/\/www.dc-surface.com\/es\/wp-json\/wp\/v2\/categoryproduct?post=924"}],"curies":[{"name":"wp","href":"https:\/\/api.w.org\/{rel}","templated":true}]}}