{"id":919,"date":"2025-08-08T23:17:36","date_gmt":"2025-08-08T15:17:36","guid":{"rendered":"https:\/\/www.dc-surface.com\/?post_type=product&#038;p=919"},"modified":"2025-08-23T16:31:07","modified_gmt":"2025-08-23T08:31:07","slug":"sbr-black-granules","status":"publish","type":"product","link":"https:\/\/www.dc-surface.com\/es\/product\/sbr-black-granules\/","title":{"rendered":"Gr\u00e1nulos negros SBR"},"content":{"rendered":"<p><strong>MOQ\uff1a<\/strong>A partir de 1 tonelada<br \/>\n<strong>Color\uff1a<\/strong>Negro<br \/>\n<strong>Descripci\u00f3n:<\/strong> Gr\u00e1nulos de caucho SBR reciclado negro de 1-3mm 2-4mm para el relleno de campos de f\u00fatbol con c\u00e9sped artificial.<\/p>","protected":false},"featured_media":922,"template":"","meta":{"_acf_changed":false,"_seopress_robots_primary_cat":"none","_seopress_titles_title":"","_seopress_titles_desc":"","_seopress_robots_index":""},"categoryproduct":[24],"class_list":["post-919","product","type-product","status-publish","has-post-thumbnail","hentry","categoryproduct-sbr-black-granules"],"acf":[],"_links":{"self":[{"href":"https:\/\/www.dc-surface.com\/es\/wp-json\/wp\/v2\/product\/919","targetHints":{"allow":["GET"]}}],"collection":[{"href":"https:\/\/www.dc-surface.com\/es\/wp-json\/wp\/v2\/product"}],"about":[{"href":"https:\/\/www.dc-surface.com\/es\/wp-json\/wp\/v2\/types\/product"}],"wp:featuredmedia":[{"embeddable":true,"href":"https:\/\/www.dc-surface.com\/es\/wp-json\/wp\/v2\/media\/922"}],"wp:attachment":[{"href":"https:\/\/www.dc-surface.com\/es\/wp-json\/wp\/v2\/media?parent=919"}],"wp:term":[{"taxonomy":"categoryproduct","embeddable":true,"href":"https:\/\/www.dc-surface.com\/es\/wp-json\/wp\/v2\/categoryproduct?post=919"}],"curies":[{"name":"wp","href":"https:\/\/api.w.org\/{rel}","templated":true}]}}