{"id":906,"date":"2025-08-08T23:19:30","date_gmt":"2025-08-08T15:19:30","guid":{"rendered":"https:\/\/www.dc-surface.com\/?post_type=product&#038;p=906"},"modified":"2025-08-23T16:30:37","modified_gmt":"2025-08-23T08:30:37","slug":"epdm-bbottom-granules-2","status":"publish","type":"product","link":"https:\/\/www.dc-surface.com\/es\/product\/epdm-bbottom-granules-2\/","title":{"rendered":"Gr\u00e1nulos de EPDM"},"content":{"rendered":"<p><strong>Colores personalizables<\/strong><\/p>\n<p><strong>MOQ\uff1a<\/strong>A partir de 1 tonelada<br \/>\n<strong>Color\uff1a<\/strong>Colorido<br \/>\n<strong>Descripci\u00f3n:<\/strong>Los gr\u00e1nulos de base de EPDM son la base el\u00e1stica de los pavimentos deportivos profesionales, y proporcionan una excelente amortiguaci\u00f3n y protecci\u00f3n de la seguridad. Ofrecen una durabilidad y estabilidad superiores, garantizando que la superficie se mantenga duradera y nunca se hunda.<\/p>","protected":false},"featured_media":909,"template":"","meta":{"_acf_changed":false,"_seopress_robots_primary_cat":"none","_seopress_titles_title":"","_seopress_titles_desc":"","_seopress_robots_index":""},"categoryproduct":[22],"class_list":["post-906","product","type-product","status-publish","has-post-thumbnail","hentry","categoryproduct-epdm-bbottom-granules"],"acf":[],"_links":{"self":[{"href":"https:\/\/www.dc-surface.com\/es\/wp-json\/wp\/v2\/product\/906","targetHints":{"allow":["GET"]}}],"collection":[{"href":"https:\/\/www.dc-surface.com\/es\/wp-json\/wp\/v2\/product"}],"about":[{"href":"https:\/\/www.dc-surface.com\/es\/wp-json\/wp\/v2\/types\/product"}],"wp:featuredmedia":[{"embeddable":true,"href":"https:\/\/www.dc-surface.com\/es\/wp-json\/wp\/v2\/media\/909"}],"wp:attachment":[{"href":"https:\/\/www.dc-surface.com\/es\/wp-json\/wp\/v2\/media?parent=906"}],"wp:term":[{"taxonomy":"categoryproduct","embeddable":true,"href":"https:\/\/www.dc-surface.com\/es\/wp-json\/wp\/v2\/categoryproduct?post=906"}],"curies":[{"name":"wp","href":"https:\/\/api.w.org\/{rel}","templated":true}]}}