{"id":1141,"date":"2025-08-08T22:57:06","date_gmt":"2025-08-08T14:57:06","guid":{"rendered":"https:\/\/www.dc-surface.com\/?post_type=product&#038;p=1141"},"modified":"2025-09-09T11:00:30","modified_gmt":"2025-09-09T03:00:30","slug":"elastic-acrylic-floor-2","status":"publish","type":"product","link":"https:\/\/www.dc-surface.com\/es\/product\/elastic-acrylic-floor-2\/","title":{"rendered":"Pegamento alif\u00e1tico"},"content":{"rendered":"<p><strong>MOQ: A partir de 1 tonelada<\/strong><\/p>\n<p><strong>Descripci\u00f3n de la aplicaci\u00f3n:<br \/>\n<\/strong><\/p>\n<p>Los adhesivos alif\u00e1ticos se emplean principalmente para unir gr\u00e1nulos de EPDM (gr\u00e1nulos de caucho de mon\u00f3mero de etileno propileno dieno) a la capa base, lo que constituye un material fundamental para la colocaci\u00f3n de superficies deportivas de alta calidad.<\/p>\n<p>1.Pistas de atletismo sint\u00e9ticas permeables: Se utiliza para adherir y curar la capa superficial de gr\u00e1nulos coloreados de EPDM, formando una superficie el\u00e1stica.<\/p>\n<p>2.Pistas de rodadura sint\u00e9ticas compuestas: Se utiliza para unir la capa base de gr\u00e1nulos negros con la capa superficial de gr\u00e1nulos de color EPDM.<\/p>\n<p>3.Adecuado para pistas, gimnasios, caminos de parques y otras aplicaciones que requieran superficies el\u00e1sticas de EPDM resistentes a la intemperie con requisitos de color espec\u00edficos.<\/p>\n<p>4.Especialmente adecuado para: proyectos que exigen una est\u00e9tica y durabilidad excepcionales, como escuelas, instalaciones deportivas y pistas de carreras de competici\u00f3n.<\/p>\n<p><strong>\u00a0<\/strong><\/p>","protected":false},"featured_media":1152,"template":"","meta":{"_acf_changed":false,"_seopress_robots_primary_cat":"none","_seopress_titles_title":"","_seopress_titles_desc":"","_seopress_robots_index":""},"categoryproduct":[33],"class_list":["post-1141","product","type-product","status-publish","has-post-thumbnail","hentry","categoryproduct-aliphatic-glue"],"acf":[],"_links":{"self":[{"href":"https:\/\/www.dc-surface.com\/es\/wp-json\/wp\/v2\/product\/1141","targetHints":{"allow":["GET"]}}],"collection":[{"href":"https:\/\/www.dc-surface.com\/es\/wp-json\/wp\/v2\/product"}],"about":[{"href":"https:\/\/www.dc-surface.com\/es\/wp-json\/wp\/v2\/types\/product"}],"wp:featuredmedia":[{"embeddable":true,"href":"https:\/\/www.dc-surface.com\/es\/wp-json\/wp\/v2\/media\/1152"}],"wp:attachment":[{"href":"https:\/\/www.dc-surface.com\/es\/wp-json\/wp\/v2\/media?parent=1141"}],"wp:term":[{"taxonomy":"categoryproduct","embeddable":true,"href":"https:\/\/www.dc-surface.com\/es\/wp-json\/wp\/v2\/categoryproduct?post=1141"}],"curies":[{"name":"wp","href":"https:\/\/api.w.org\/{rel}","templated":true}]}}