{"id":1136,"date":"2025-08-08T22:58:49","date_gmt":"2025-08-08T14:58:49","guid":{"rendered":"https:\/\/www.dc-surface.com\/?post_type=product&#038;p=1136"},"modified":"2025-09-09T10:25:26","modified_gmt":"2025-09-09T02:25:26","slug":"anti-uv-glue","status":"publish","type":"product","link":"https:\/\/www.dc-surface.com\/es\/product\/anti-uv-glue\/","title":{"rendered":"Pegamento anti-UV"},"content":{"rendered":"<p><strong>MOQ: A partir de 1 tonelada<\/strong><\/p>\n<p><strong>Descripci\u00f3n de la aplicaci\u00f3n:<br \/>\n<\/strong><\/p>\n<p>1. Sistemas de pistas sint\u00e9ticas: Une las part\u00edculas de la capa base el\u00e1stica (por ejemplo, EPDM, TPV) a la base (base de hormig\u00f3n o asfalto), y une las part\u00edculas de la capa superficial a la capa base.<\/p>\n<p>2. Campos de c\u00e9sped artificial: Pega la capa de c\u00e9sped artificial a los cimientos y sella las costuras.<\/p>\n<p>3. Cortes de PU de silicona: Sirve como capa adhesiva que une la capa el\u00e1stica a la capa de refuerzo y a la capa superficial.<\/p>\n<p>4. Otras superficies deportivas al aire libre: Se utiliza para instalar y pegar superficies el\u00e1sticas como pistas de tenis, baloncesto y b\u00e1dminton.<\/p>\n<p>5. Sellado y reparaci\u00f3n: Adecuado para sellar juntas de v\u00edas y reparar zonas con da\u00f1os localizados.<\/p>\n<p>&nbsp;<\/p>","protected":false},"featured_media":1151,"template":"","meta":{"_acf_changed":false,"_seopress_robots_primary_cat":"none","_seopress_titles_title":"","_seopress_titles_desc":"","_seopress_robots_index":""},"categoryproduct":[34],"class_list":["post-1136","product","type-product","status-publish","has-post-thumbnail","hentry","categoryproduct-anti-uv-glue"],"acf":[],"_links":{"self":[{"href":"https:\/\/www.dc-surface.com\/es\/wp-json\/wp\/v2\/product\/1136","targetHints":{"allow":["GET"]}}],"collection":[{"href":"https:\/\/www.dc-surface.com\/es\/wp-json\/wp\/v2\/product"}],"about":[{"href":"https:\/\/www.dc-surface.com\/es\/wp-json\/wp\/v2\/types\/product"}],"wp:featuredmedia":[{"embeddable":true,"href":"https:\/\/www.dc-surface.com\/es\/wp-json\/wp\/v2\/media\/1151"}],"wp:attachment":[{"href":"https:\/\/www.dc-surface.com\/es\/wp-json\/wp\/v2\/media?parent=1136"}],"wp:term":[{"taxonomy":"categoryproduct","embeddable":true,"href":"https:\/\/www.dc-surface.com\/es\/wp-json\/wp\/v2\/categoryproduct?post=1136"}],"curies":[{"name":"wp","href":"https:\/\/api.w.org\/{rel}","templated":true}]}}