{"id":1024,"date":"2025-08-08T17:01:45","date_gmt":"2025-08-08T09:01:45","guid":{"rendered":"https:\/\/www.dc-surface.com\/?post_type=product&#038;p=1024"},"modified":"2025-08-28T15:02:53","modified_gmt":"2025-08-28T07:02:53","slug":"epoxy-metal-flooring","status":"publish","type":"product","link":"https:\/\/www.dc-surface.com\/es\/product\/epoxy-metal-flooring\/","title":{"rendered":"Suelos met\u00e1licos epoxi"},"content":{"rendered":"<p><strong>Personalizado seg\u00fan la zona del emplazamiento<\/strong><\/p>\n<p><strong>Cantidad m\u00ednima de pedido:<\/strong>\u00a0500 metros cuadrados<\/p>\n<p><strong>Escenarios de aplicaci\u00f3n\uff1a<\/strong>Para uso en garajes, interiores de viviendas, s\u00f3tanos, restaurantes, cervecer\u00edas y destiler\u00edas, salas de exposiciones, espacios comerciales, oficinas, almacenes, cocinas cl\u00ednicas<\/p>\n<p><strong>Descripci\u00f3n\uff1a<\/strong>Nuestro sistema de suelos epox\u00eddicos consta de un revestimiento de barrera contra la humedad (que protege su inversi\u00f3n de la intrusi\u00f3n de humedad), un revestimiento epox\u00eddico s\u00f3lido que contiene pigmentos met\u00e1licos, y una capa de acabado, que crea un acabado decorativo similar al m\u00e1rmol o a las nubes. Combinando est\u00e9tica, durabilidad y bajo mantenimiento, representa una inversi\u00f3n rentable para cualquier propietario.<\/p>","protected":false},"featured_media":1027,"template":"","meta":{"_acf_changed":false,"_seopress_robots_primary_cat":"none","_seopress_titles_title":"","_seopress_titles_desc":"","_seopress_robots_index":""},"categoryproduct":[59],"class_list":["post-1024","product","type-product","status-publish","has-post-thumbnail","hentry","categoryproduct-epoxy-metal-flooring"],"acf":[],"_links":{"self":[{"href":"https:\/\/www.dc-surface.com\/es\/wp-json\/wp\/v2\/product\/1024","targetHints":{"allow":["GET"]}}],"collection":[{"href":"https:\/\/www.dc-surface.com\/es\/wp-json\/wp\/v2\/product"}],"about":[{"href":"https:\/\/www.dc-surface.com\/es\/wp-json\/wp\/v2\/types\/product"}],"wp:featuredmedia":[{"embeddable":true,"href":"https:\/\/www.dc-surface.com\/es\/wp-json\/wp\/v2\/media\/1027"}],"wp:attachment":[{"href":"https:\/\/www.dc-surface.com\/es\/wp-json\/wp\/v2\/media?parent=1024"}],"wp:term":[{"taxonomy":"categoryproduct","embeddable":true,"href":"https:\/\/www.dc-surface.com\/es\/wp-json\/wp\/v2\/categoryproduct?post=1024"}],"curies":[{"name":"wp","href":"https:\/\/api.w.org\/{rel}","templated":true}]}}