{"id":1019,"date":"2025-08-08T22:59:56","date_gmt":"2025-08-08T14:59:56","guid":{"rendered":"https:\/\/www.dc-surface.com\/?post_type=product&#038;p=1019"},"modified":"2025-09-08T16:04:54","modified_gmt":"2025-09-08T08:04:54","slug":"one-component-glue","status":"publish","type":"product","link":"https:\/\/www.dc-surface.com\/es\/product\/one-component-glue\/","title":{"rendered":"Pegamento monocomponente"},"content":{"rendered":"<p><strong>MOQ: A partir de 1 tonelada<\/strong><\/p>\n<p><strong>Descripci\u00f3n de la aplicaci\u00f3n:<\/strong><\/p>\n<p>1.Pista de atletismo transpirable:: Capa superficial adherida con gr\u00e1nulos de EPDM.<\/p>\n<p>2.Pista de rodadura de material compuesto: Capa intermedia adherida con capa amortiguadora de gr\u00e1nulos de EPDM.<\/p>\n<p>3.Pista de rodadura mixta: Adecuada para pegados o reparaciones puntuales.<\/p>\n<p>4.Pavimento el\u00e1stico de caucho EPDM: Pavimento de caucho EPDM coloreado especializado para guarder\u00edas y \u00e1reas de juego infantiles.<\/p>\n<p>Adhesi\u00f3n de diversos productos de caucho a sustratos de hormig\u00f3n o asfalto.<\/p>\n<p><strong>\u00a0<\/strong><\/p>","protected":false},"featured_media":1135,"template":"","meta":{"_acf_changed":false,"_seopress_robots_primary_cat":"none","_seopress_titles_title":"","_seopress_titles_desc":"","_seopress_robots_index":""},"categoryproduct":[35],"class_list":["post-1019","product","type-product","status-publish","has-post-thumbnail","hentry","categoryproduct-one-component-glue"],"acf":[],"_links":{"self":[{"href":"https:\/\/www.dc-surface.com\/es\/wp-json\/wp\/v2\/product\/1019","targetHints":{"allow":["GET"]}}],"collection":[{"href":"https:\/\/www.dc-surface.com\/es\/wp-json\/wp\/v2\/product"}],"about":[{"href":"https:\/\/www.dc-surface.com\/es\/wp-json\/wp\/v2\/types\/product"}],"wp:featuredmedia":[{"embeddable":true,"href":"https:\/\/www.dc-surface.com\/es\/wp-json\/wp\/v2\/media\/1135"}],"wp:attachment":[{"href":"https:\/\/www.dc-surface.com\/es\/wp-json\/wp\/v2\/media?parent=1019"}],"wp:term":[{"taxonomy":"categoryproduct","embeddable":true,"href":"https:\/\/www.dc-surface.com\/es\/wp-json\/wp\/v2\/categoryproduct?post=1019"}],"curies":[{"name":"wp","href":"https:\/\/api.w.org\/{rel}","templated":true}]}}