{"id":1015,"date":"2025-08-08T14:00:08","date_gmt":"2025-08-08T06:00:08","guid":{"rendered":"https:\/\/www.dc-surface.com\/?post_type=product&#038;p=1015"},"modified":"2025-08-29T14:53:40","modified_gmt":"2025-08-29T06:53:40","slug":"1015","status":"publish","type":"product","link":"https:\/\/www.dc-surface.com\/es\/product\/1015\/","title":{"rendered":"Agente de curado del hormig\u00f3n Suelos"},"content":{"rendered":"<p><strong>Personalizado seg\u00fan la zona del emplazamiento<\/strong><\/p>\n<p><strong>Cantidad m\u00ednima de pedido:<\/strong>\u00a0500 metros cuadrados<\/p>\n<p><strong>Escenarios de aplicaci\u00f3n\uff1a<\/strong>Adecuado para edificios industriales pesados, almacenes log\u00edsticos, aparcamientos subterr\u00e1neos, grandes superficies comerciales de supermercados, instalaciones de producci\u00f3n alimentaria y farmac\u00e9utica, y renovaci\u00f3n de suelos existentes.<\/p>\n<p><strong>Descripci\u00f3n\uff1a<\/strong>Los sistemas endurecedores para suelos de hormig\u00f3n consiguen una mejora permanente de la dureza, densidad y resistencia a la abrasi\u00f3n de la superficie mediante reacciones qu\u00edmicas entre los endurecedores l\u00edquidos permeables y el sustrato de hormig\u00f3n.<\/p>","protected":false},"featured_media":1018,"template":"","meta":{"_acf_changed":false,"_seopress_robots_primary_cat":"none","_seopress_titles_title":"","_seopress_titles_desc":"","_seopress_robots_index":""},"categoryproduct":[47],"class_list":["post-1015","product","type-product","status-publish","has-post-thumbnail","hentry","categoryproduct-concrete-curing-agent-flooring"],"acf":[],"_links":{"self":[{"href":"https:\/\/www.dc-surface.com\/es\/wp-json\/wp\/v2\/product\/1015","targetHints":{"allow":["GET"]}}],"collection":[{"href":"https:\/\/www.dc-surface.com\/es\/wp-json\/wp\/v2\/product"}],"about":[{"href":"https:\/\/www.dc-surface.com\/es\/wp-json\/wp\/v2\/types\/product"}],"wp:featuredmedia":[{"embeddable":true,"href":"https:\/\/www.dc-surface.com\/es\/wp-json\/wp\/v2\/media\/1018"}],"wp:attachment":[{"href":"https:\/\/www.dc-surface.com\/es\/wp-json\/wp\/v2\/media?parent=1015"}],"wp:term":[{"taxonomy":"categoryproduct","embeddable":true,"href":"https:\/\/www.dc-surface.com\/es\/wp-json\/wp\/v2\/categoryproduct?post=1015"}],"curies":[{"name":"wp","href":"https:\/\/api.w.org\/{rel}","templated":true}]}}