{"id":1011,"date":"2025-08-08T16:00:36","date_gmt":"2025-08-08T08:00:36","guid":{"rendered":"https:\/\/www.dc-surface.com\/?post_type=product&#038;p=1011"},"modified":"2025-08-29T10:45:18","modified_gmt":"2025-08-29T02:45:18","slug":"diamond-sand-wear-resistant-flooring","status":"publish","type":"product","link":"https:\/\/www.dc-surface.com\/es\/product\/diamond-sand-wear-resistant-flooring\/","title":{"rendered":"Suelos antidesgaste Diamond Sand"},"content":{"rendered":"<p><strong>Personalizado seg\u00fan la zona del emplazamiento<\/strong><\/p>\n<p><strong>Cantidad m\u00ednima de pedido:<\/strong>\u00a0500 metros cuadrados<\/p>\n<p><strong>Escenarios de aplicaci\u00f3n\uff1a<\/strong>Adecuado para todo tipo de talleres de fabricaci\u00f3n, almacenes y centros log\u00edsticos, instalaciones de montaje y mantenimiento, f\u00e1bricas alimentarias y farmac\u00e9uticas, aparcamientos, estaciones y muelles de carga, zonas entre bastidores de grandes recintos, log\u00edstica de cadena de fr\u00edo, escuelas y hospitales.<\/p>\n<p><strong>Descripci\u00f3n\uff1a<\/strong>El pavimento antidesgaste abrasivo de diamante (tambi\u00e9n conocido como pavimento antidesgaste) es un sistema de superficie de alta resistencia a la abrasi\u00f3n. Utiliza agregados met\u00e1licos o no met\u00e1licos resistentes al desgaste como material central, aplicado simult\u00e1neamente con el sustrato de hormig\u00f3n a base de cemento. El sistema se rectifica y acaba mec\u00e1nicamente para conseguir una superficie duradera. Su principio fundamental consiste en la uni\u00f3n f\u00edsica de los \u00e1ridos con el hormig\u00f3n, formando una capa integral, densa y resistente al desgaste que sustituye a los tradicionales compuestos de nivelaci\u00f3n de mortero de cemento.<\/p>","protected":false},"featured_media":1014,"template":"","meta":{"_acf_changed":false,"_seopress_robots_primary_cat":"none","_seopress_titles_title":"","_seopress_titles_desc":"","_seopress_robots_index":""},"categoryproduct":[46],"class_list":["post-1011","product","type-product","status-publish","has-post-thumbnail","hentry","categoryproduct-diamond-sand-wear-resistant-flooring"],"acf":[],"_links":{"self":[{"href":"https:\/\/www.dc-surface.com\/es\/wp-json\/wp\/v2\/product\/1011","targetHints":{"allow":["GET"]}}],"collection":[{"href":"https:\/\/www.dc-surface.com\/es\/wp-json\/wp\/v2\/product"}],"about":[{"href":"https:\/\/www.dc-surface.com\/es\/wp-json\/wp\/v2\/types\/product"}],"wp:featuredmedia":[{"embeddable":true,"href":"https:\/\/www.dc-surface.com\/es\/wp-json\/wp\/v2\/media\/1014"}],"wp:attachment":[{"href":"https:\/\/www.dc-surface.com\/es\/wp-json\/wp\/v2\/media?parent=1011"}],"wp:term":[{"taxonomy":"categoryproduct","embeddable":true,"href":"https:\/\/www.dc-surface.com\/es\/wp-json\/wp\/v2\/categoryproduct?post=1011"}],"curies":[{"name":"wp","href":"https:\/\/api.w.org\/{rel}","templated":true}]}}