{"id":1007,"date":"2025-08-08T17:00:14","date_gmt":"2025-08-08T09:00:14","guid":{"rendered":"https:\/\/www.dc-surface.com\/?post_type=product&#038;p=1007"},"modified":"2025-08-28T17:13:16","modified_gmt":"2025-08-28T09:13:16","slug":"polyurethane-super-wear-resistant","status":"publish","type":"product","link":"https:\/\/www.dc-surface.com\/es\/product\/polyurethane-super-wear-resistant\/","title":{"rendered":"Poliuretano s\u00faper resistente al desgaste"},"content":{"rendered":"<p><strong>Personalizado seg\u00fan la zona del emplazamiento<\/strong><\/p>\n<p><strong>Cantidad m\u00ednima de pedido:<\/strong>\u00a0500 metros cuadrados<\/p>\n<p><strong>Escenarios de aplicaci\u00f3n\uff1a<\/strong>Tratamiento de suelos para entornos de trabajo extremos como procesamiento de alimentos, mataderos, protecci\u00f3n contra la corrosi\u00f3n de alta resistencia y condiciones de alta humedad\/alta temperatura, as\u00ed como todos los suelos de talleres, almacenes, aparcamientos y laboratorios que requieran resistencia a la abrasi\u00f3n, limpieza y resistencia qu\u00edmica.<\/p>\n<p><strong>Descripci\u00f3n\uff1a<\/strong>El compuesto autonivelante de mortero de poliuretano resistente al desgaste es un material para suelos de mortero de poliuretano de cuatro componentes a base de agua. Su estructura compuesta combina todas las ventajas de los pol\u00edmeros org\u00e1nicos y los materiales de hormig\u00f3n inorg\u00e1nicos, como una excelente resistencia a la corrosi\u00f3n qu\u00edmica, los fuertes impactos y los choques t\u00e9rmicos.<\/p>","protected":false},"featured_media":1010,"template":"","meta":{"_acf_changed":false,"_seopress_robots_primary_cat":"none","_seopress_titles_title":"","_seopress_titles_desc":"","_seopress_robots_index":""},"categoryproduct":[45],"class_list":["post-1007","product","type-product","status-publish","has-post-thumbnail","hentry","categoryproduct-polyurethane-super-wear-resistant"],"acf":[],"_links":{"self":[{"href":"https:\/\/www.dc-surface.com\/es\/wp-json\/wp\/v2\/product\/1007","targetHints":{"allow":["GET"]}}],"collection":[{"href":"https:\/\/www.dc-surface.com\/es\/wp-json\/wp\/v2\/product"}],"about":[{"href":"https:\/\/www.dc-surface.com\/es\/wp-json\/wp\/v2\/types\/product"}],"wp:featuredmedia":[{"embeddable":true,"href":"https:\/\/www.dc-surface.com\/es\/wp-json\/wp\/v2\/media\/1010"}],"wp:attachment":[{"href":"https:\/\/www.dc-surface.com\/es\/wp-json\/wp\/v2\/media?parent=1007"}],"wp:term":[{"taxonomy":"categoryproduct","embeddable":true,"href":"https:\/\/www.dc-surface.com\/es\/wp-json\/wp\/v2\/categoryproduct?post=1007"}],"curies":[{"name":"wp","href":"https:\/\/api.w.org\/{rel}","templated":true}]}}