{"id":1003,"date":"2025-08-08T18:00:10","date_gmt":"2025-08-08T10:00:10","guid":{"rendered":"https:\/\/www.dc-surface.com\/?post_type=product&#038;p=1003"},"modified":"2025-08-28T10:56:35","modified_gmt":"2025-08-28T02:56:35","slug":"epoxy-colored-sand","status":"publish","type":"product","link":"https:\/\/www.dc-surface.com\/es\/product\/epoxy-colored-sand\/","title":{"rendered":"Arena coloreada con epoxi"},"content":{"rendered":"<p><strong>Personalizado seg\u00fan la zona del emplazamiento<\/strong><\/p>\n<p><strong>Cantidad m\u00ednima de pedido:<\/strong>\u00a0500 metros cuadrados<\/p>\n<p><strong>Escenarios de aplicaci\u00f3n\uff1a<\/strong>Instalaciones de fabricaci\u00f3n de microelectr\u00f3nica, zonas de producci\u00f3n est\u00e9ril de productos farmac\u00e9uticos, plantas de procesamiento de alimentos, plantas de fabricaci\u00f3n de autom\u00f3viles, vest\u00edbulos de hoteles, tiendas de lujo emblem\u00e1ticas, centros de convenciones, terminales de aeropuertos, grandes centros comerciales, aparcamientos subterr\u00e1neos, estaciones de metro, quir\u00f3fanos de hospitales, laboratorios, bibliotecas escolares, andenes de trenes de alta velocidad, laboratorios biol\u00f3gicos, talleres de embalaje de chips, salas de exposiciones de museos de arte.<\/p>\n<p><strong>Descripci\u00f3n:<\/strong>Los suelos epox\u00eddicos autonivelantes de arena coloreada utilizan resina epox\u00eddica sin disolventes como material base de uni\u00f3n, mezclada con arena coloreada de cuarzo multigradual (gradiente de tama\u00f1o de part\u00edcula de 0,1-1,2 mm) y potenciadores de nanointerfaz para formar un sistema compuesto con propiedades autonivelantes. Este sistema rompe con el m\u00e9todo tradicional de mezcla simple de arena coloreada y resina, consiguiendo una dispersi\u00f3n uniforme y una uni\u00f3n estable de las part\u00edculas de arena coloreada en suspensi\u00f3n.<\/p>","protected":false},"featured_media":1006,"template":"","meta":{"_acf_changed":false,"_seopress_robots_primary_cat":"none","_seopress_titles_title":"","_seopress_titles_desc":"","_seopress_robots_index":""},"categoryproduct":[44],"class_list":["post-1003","product","type-product","status-publish","has-post-thumbnail","hentry","categoryproduct-epoxy-colored-sand"],"acf":[],"_links":{"self":[{"href":"https:\/\/www.dc-surface.com\/es\/wp-json\/wp\/v2\/product\/1003","targetHints":{"allow":["GET"]}}],"collection":[{"href":"https:\/\/www.dc-surface.com\/es\/wp-json\/wp\/v2\/product"}],"about":[{"href":"https:\/\/www.dc-surface.com\/es\/wp-json\/wp\/v2\/types\/product"}],"wp:featuredmedia":[{"embeddable":true,"href":"https:\/\/www.dc-surface.com\/es\/wp-json\/wp\/v2\/media\/1006"}],"wp:attachment":[{"href":"https:\/\/www.dc-surface.com\/es\/wp-json\/wp\/v2\/media?parent=1003"}],"wp:term":[{"taxonomy":"categoryproduct","embeddable":true,"href":"https:\/\/www.dc-surface.com\/es\/wp-json\/wp\/v2\/categoryproduct?post=1003"}],"curies":[{"name":"wp","href":"https:\/\/api.w.org\/{rel}","templated":true}]}}