{"id":413,"date":"2025-08-05T21:35:05","date_gmt":"2025-08-05T13:35:05","guid":{"rendered":"http:\/\/dachuan.local\/?page_id=413"},"modified":"2025-08-21T09:37:39","modified_gmt":"2025-08-21T01:37:39","slug":"epoxyresinfloor","status":"publish","type":"page","link":"https:\/\/www.dc-surface.com\/es\/epoxyresinfloor\/","title":{"rendered":"Suelo de resina epoxi"},"content":{"rendered":"<p>Tecnolog\u00eda de construcci\u00f3n profesional, la formaci\u00f3n de duro resistente al desgaste, corrosi\u00f3n qu\u00edmica, a prueba de polvo y humedad, anti-est\u00e1tica, f\u00e1cil de limpiar y mantener la calidad del suelo<br \/>\nMuy utilizado en f\u00e1bricas, almacenes, garajes, hospitales, laboratorios y espacios comerciales, etc.<\/p>","protected":false},"excerpt":{"rendered":"<p>Professional construction technology, the formation of hard wear-resistant, chemical corrosion, dust and moisture-proof, anti-static, easy to clean and maintain the quality of the floor Widely used in factories, warehouses, garages, hospitals, laboratories and commercial spaces, etc.<\/p>","protected":false},"author":1,"featured_media":625,"parent":0,"menu_order":0,"comment_status":"closed","ping_status":"closed","template":"EpoxyResinFloor.php","meta":{"_acf_changed":false,"_seopress_robots_primary_cat":"","_seopress_titles_title":"","_seopress_titles_desc":"","_seopress_robots_index":"","footnotes":""},"class_list":["post-413","page","type-page","status-publish","has-post-thumbnail","hentry"],"acf":[],"_links":{"self":[{"href":"https:\/\/www.dc-surface.com\/es\/wp-json\/wp\/v2\/pages\/413","targetHints":{"allow":["GET"]}}],"collection":[{"href":"https:\/\/www.dc-surface.com\/es\/wp-json\/wp\/v2\/pages"}],"about":[{"href":"https:\/\/www.dc-surface.com\/es\/wp-json\/wp\/v2\/types\/page"}],"author":[{"embeddable":true,"href":"https:\/\/www.dc-surface.com\/es\/wp-json\/wp\/v2\/users\/1"}],"replies":[{"embeddable":true,"href":"https:\/\/www.dc-surface.com\/es\/wp-json\/wp\/v2\/comments?post=413"}],"version-history":[{"count":0,"href":"https:\/\/www.dc-surface.com\/es\/wp-json\/wp\/v2\/pages\/413\/revisions"}],"wp:featuredmedia":[{"embeddable":true,"href":"https:\/\/www.dc-surface.com\/es\/wp-json\/wp\/v2\/media\/625"}],"wp:attachment":[{"href":"https:\/\/www.dc-surface.com\/es\/wp-json\/wp\/v2\/media?parent=413"}],"curies":[{"name":"wp","href":"https:\/\/api.w.org\/{rel}","templated":true}]}}