{"id":364,"date":"2025-08-05T21:24:45","date_gmt":"2025-08-05T13:24:45","guid":{"rendered":"http:\/\/dachuan.local\/?page_id=364"},"modified":"2025-08-20T17:48:09","modified_gmt":"2025-08-20T09:48:09","slug":"leisurepark","status":"publish","type":"page","link":"https:\/\/www.dc-surface.com\/es\/leisurepark\/","title":{"rendered":"Parque de ocio"},"content":{"rendered":"<p>Proporcionamos los mejores materiales de fabricaci\u00f3n de senderos para la construcci\u00f3n de parques recreativos de f\u00e1cil construcci\u00f3n y buena resistencia a los rayos UV.<\/p>\n<p>Proporcionamos al p\u00fablico espacios seguros y c\u00f3modos para pasear, hacer footing y montar en bicicleta, con el fin de fomentar la salud f\u00edsica y mental y la vitalidad.<\/p>","protected":false},"excerpt":{"rendered":"<p>We provide the best trail fabrication materials for recreational park construction with easy construction and good UV resistance We provide safe and comfortable walking, jogging and cycling space for the public to promote physical and mental health and vitality.<\/p>","protected":false},"author":1,"featured_media":576,"parent":0,"menu_order":0,"comment_status":"closed","ping_status":"closed","template":"LeisurePark.php","meta":{"_acf_changed":false,"_seopress_robots_primary_cat":"","_seopress_titles_title":"","_seopress_titles_desc":"","_seopress_robots_index":"","footnotes":""},"class_list":["post-364","page","type-page","status-publish","has-post-thumbnail","hentry"],"acf":[],"_links":{"self":[{"href":"https:\/\/www.dc-surface.com\/es\/wp-json\/wp\/v2\/pages\/364","targetHints":{"allow":["GET"]}}],"collection":[{"href":"https:\/\/www.dc-surface.com\/es\/wp-json\/wp\/v2\/pages"}],"about":[{"href":"https:\/\/www.dc-surface.com\/es\/wp-json\/wp\/v2\/types\/page"}],"author":[{"embeddable":true,"href":"https:\/\/www.dc-surface.com\/es\/wp-json\/wp\/v2\/users\/1"}],"replies":[{"embeddable":true,"href":"https:\/\/www.dc-surface.com\/es\/wp-json\/wp\/v2\/comments?post=364"}],"version-history":[{"count":0,"href":"https:\/\/www.dc-surface.com\/es\/wp-json\/wp\/v2\/pages\/364\/revisions"}],"wp:featuredmedia":[{"embeddable":true,"href":"https:\/\/www.dc-surface.com\/es\/wp-json\/wp\/v2\/media\/576"}],"wp:attachment":[{"href":"https:\/\/www.dc-surface.com\/es\/wp-json\/wp\/v2\/media?parent=364"}],"curies":[{"name":"wp","href":"https:\/\/api.w.org\/{rel}","templated":true}]}}