{"id":359,"date":"2025-08-05T21:24:23","date_gmt":"2025-08-05T13:24:23","guid":{"rendered":"http:\/\/dachuan.local\/?page_id=359"},"modified":"2025-08-20T17:42:36","modified_gmt":"2025-08-20T09:42:36","slug":"childrensplayground","status":"publish","type":"page","link":"https:\/\/www.dc-surface.com\/es\/childrensplayground\/","title":{"rendered":"Parque infantil"},"content":{"rendered":"<p>Nuestros suelos son totalmente reciclables y respetuosos con el medio ambiente. Adem\u00e1s, a\u00f1adimos materiales ign\u00edfugos y antimicrobianos durante el proceso de producci\u00f3n. Adem\u00e1s, hemos dise\u00f1ado capas superficiales el\u00e1sticas. En definitiva, protegen a los ni\u00f1os de las lesiones.<\/p>\n<p>Disponemos de una amplia gama de colores est\u00e1ndar y personalizados para decorar a la perfecci\u00f3n los parques infantiles, as\u00ed como de dise\u00f1adores profesionales para atender a los clientes, que pueden ayudarle a dividir las \u00e1reas funcionales y realizar los planos.<\/p>","protected":false},"excerpt":{"rendered":"<p>Our floors are fully recyclable and environmentally friendly. In addition, we add flame-retardant and antimicrobial materials during the production process. In addition, we have designed resilient surface layers. All in all, they protect children from injuries. A wide range of standard and customised colour options are available to perfectly decorate children&#8217;s playgrounds, as well as [&hellip;]<\/p>","protected":false},"author":1,"featured_media":564,"parent":0,"menu_order":0,"comment_status":"closed","ping_status":"closed","template":"ChildrensPlayground.php","meta":{"_acf_changed":false,"_seopress_robots_primary_cat":"","_seopress_titles_title":"","_seopress_titles_desc":"","_seopress_robots_index":"","footnotes":""},"class_list":["post-359","page","type-page","status-publish","has-post-thumbnail","hentry"],"acf":[],"_links":{"self":[{"href":"https:\/\/www.dc-surface.com\/es\/wp-json\/wp\/v2\/pages\/359","targetHints":{"allow":["GET"]}}],"collection":[{"href":"https:\/\/www.dc-surface.com\/es\/wp-json\/wp\/v2\/pages"}],"about":[{"href":"https:\/\/www.dc-surface.com\/es\/wp-json\/wp\/v2\/types\/page"}],"author":[{"embeddable":true,"href":"https:\/\/www.dc-surface.com\/es\/wp-json\/wp\/v2\/users\/1"}],"replies":[{"embeddable":true,"href":"https:\/\/www.dc-surface.com\/es\/wp-json\/wp\/v2\/comments?post=359"}],"version-history":[{"count":0,"href":"https:\/\/www.dc-surface.com\/es\/wp-json\/wp\/v2\/pages\/359\/revisions"}],"wp:featuredmedia":[{"embeddable":true,"href":"https:\/\/www.dc-surface.com\/es\/wp-json\/wp\/v2\/media\/564"}],"wp:attachment":[{"href":"https:\/\/www.dc-surface.com\/es\/wp-json\/wp\/v2\/media?parent=359"}],"curies":[{"name":"wp","href":"https:\/\/api.w.org\/{rel}","templated":true}]}}