{"id":332,"date":"2025-08-05T20:51:32","date_gmt":"2025-08-05T12:51:32","guid":{"rendered":"http:\/\/dachuan.local\/?page_id=332"},"modified":"2025-08-20T16:54:29","modified_gmt":"2025-08-20T08:54:29","slug":"soccer-field","status":"publish","type":"page","link":"https:\/\/www.dc-surface.com\/es\/soccer-field\/","title":{"rendered":"Campo de f\u00fatbol"},"content":{"rendered":"<p>Somos fabricantes de campos de f\u00fatbol de hierba artificial homologados por la FIFA. Ofrecemos soluciones personalizadas para la construcci\u00f3n de campos de f\u00fatbol para torneos y escuelas. C\u00f3mprenos c\u00e9sped artificial de alta calidad y haga realidad sus sue\u00f1os futbol\u00edsticos.<\/p>","protected":false},"excerpt":{"rendered":"<p>Somos fabricantes de campos de f\u00fatbol de hierba artificial homologados por la FIFA. Ofrecemos soluciones personalizadas para la construcci\u00f3n de campos de f\u00fatbol para torneos y escuelas. C\u00f3mprenos c\u00e9sped artificial de alta calidad y haga realidad sus sue\u00f1os futbol\u00edsticos.<\/p>","protected":false},"author":1,"featured_media":550,"parent":0,"menu_order":0,"comment_status":"closed","ping_status":"closed","template":"SoccerField.php","meta":{"_acf_changed":false,"_seopress_robots_primary_cat":"","_seopress_titles_title":"","_seopress_titles_desc":"","_seopress_robots_index":"","footnotes":""},"class_list":["post-332","page","type-page","status-publish","has-post-thumbnail","hentry"],"acf":[],"_links":{"self":[{"href":"https:\/\/www.dc-surface.com\/es\/wp-json\/wp\/v2\/pages\/332","targetHints":{"allow":["GET"]}}],"collection":[{"href":"https:\/\/www.dc-surface.com\/es\/wp-json\/wp\/v2\/pages"}],"about":[{"href":"https:\/\/www.dc-surface.com\/es\/wp-json\/wp\/v2\/types\/page"}],"author":[{"embeddable":true,"href":"https:\/\/www.dc-surface.com\/es\/wp-json\/wp\/v2\/users\/1"}],"replies":[{"embeddable":true,"href":"https:\/\/www.dc-surface.com\/es\/wp-json\/wp\/v2\/comments?post=332"}],"version-history":[{"count":0,"href":"https:\/\/www.dc-surface.com\/es\/wp-json\/wp\/v2\/pages\/332\/revisions"}],"wp:featuredmedia":[{"embeddable":true,"href":"https:\/\/www.dc-surface.com\/es\/wp-json\/wp\/v2\/media\/550"}],"wp:attachment":[{"href":"https:\/\/www.dc-surface.com\/es\/wp-json\/wp\/v2\/media?parent=332"}],"curies":[{"name":"wp","href":"https:\/\/api.w.org\/{rel}","templated":true}]}}