{"id":214,"date":"2025-08-01T09:51:37","date_gmt":"2025-08-01T01:51:37","guid":{"rendered":"http:\/\/dachuan.local\/?page_id=214"},"modified":"2025-08-20T16:18:57","modified_gmt":"2025-08-20T08:18:57","slug":"runningtrack","status":"publish","type":"page","link":"https:\/\/www.dc-surface.com\/es\/runningtrack\/","title":{"rendered":"Pista de atletismo"},"content":{"rendered":"<p>Nuestras soluciones de orugas son de material telesc\u00f3pico, con un equipo profesional, f\u00e1ciles de construir y con buena absorci\u00f3n de impactos.<\/p>\n<p>Nuestra pista de atletismo prefabricada requiere poco mantenimiento. Adopta una estructura de una sola pieza, s\u00f3lo es necesario fijar cada rollo de pista en el suelo, no se necesita mantenimiento adicional en la etapa posterior, ahorrando el coste de mantenimiento de los usuarios. Tambi\u00e9n ofrecemos 6 a\u00f1os de garant\u00eda.<\/p>","protected":false},"excerpt":{"rendered":"<p>Our track solutions are made of telescopic material, with a professional team, easy to construct, and good shock absorption. Our prefabricated athletic track is low maintenance. It adopts one-piece structure, only need to fix each roll of runway on the ground, no extra maintenance is needed at the later stage, saving users&#8217; maintenance cost. We [&hellip;]<\/p>","protected":false},"author":1,"featured_media":245,"parent":0,"menu_order":0,"comment_status":"closed","ping_status":"closed","template":"RunningTrack.php","meta":{"_acf_changed":false,"_seopress_robots_primary_cat":"","_seopress_titles_title":"","_seopress_titles_desc":"","_seopress_robots_index":"","footnotes":""},"class_list":["post-214","page","type-page","status-publish","has-post-thumbnail","hentry"],"acf":[],"_links":{"self":[{"href":"https:\/\/www.dc-surface.com\/es\/wp-json\/wp\/v2\/pages\/214","targetHints":{"allow":["GET"]}}],"collection":[{"href":"https:\/\/www.dc-surface.com\/es\/wp-json\/wp\/v2\/pages"}],"about":[{"href":"https:\/\/www.dc-surface.com\/es\/wp-json\/wp\/v2\/types\/page"}],"author":[{"embeddable":true,"href":"https:\/\/www.dc-surface.com\/es\/wp-json\/wp\/v2\/users\/1"}],"replies":[{"embeddable":true,"href":"https:\/\/www.dc-surface.com\/es\/wp-json\/wp\/v2\/comments?post=214"}],"version-history":[{"count":0,"href":"https:\/\/www.dc-surface.com\/es\/wp-json\/wp\/v2\/pages\/214\/revisions"}],"wp:featuredmedia":[{"embeddable":true,"href":"https:\/\/www.dc-surface.com\/es\/wp-json\/wp\/v2\/media\/245"}],"wp:attachment":[{"href":"https:\/\/www.dc-surface.com\/es\/wp-json\/wp\/v2\/media?parent=214"}],"curies":[{"name":"wp","href":"https:\/\/api.w.org\/{rel}","templated":true}]}}